{"id":21,"date":"2017-02-14T13:44:13","date_gmt":"2017-02-14T12:44:13","guid":{"rendered":"http:\/\/ctst.de\/neu\/?page_id=21"},"modified":"2018-05-16T15:11:36","modified_gmt":"2018-05-16T13:11:36","slug":"kompetenz","status":"publish","type":"page","link":"https:\/\/www.ctst.de\/ctst\/kompetenz\/","title":{"rendered":"Kompetenz"},"content":{"rendered":"<h3>Professionelle Beratung<\/h3>\n<p>Seit dem Jahr 2000 bieten wir Firmen- und Privatkunden L\u00f6sungen an, die auf Ihre Bed\u00fcrfnisse abgestimmt sind, entwickeln sie weiter und passen sie zukunftssicher an<\/p>\n<p>&nbsp;<\/p>\n<h3>Ma\u00dfgeschneiderte L\u00f6sungen<\/h3>\n<p>Wir bieten die IT-Infrastruktur, die zu Ihrem Unternehmen passt und bei Bedarf mit Ihnen wachsen kann. Bei uns gibt es keine IT von der Stange, an die Sie sich anpassen m\u00fcssen.<\/p>\n<p>&nbsp;<\/p>\n<h3>Langj\u00e4hrige Erfahrungen<\/h3>\n<p>Unsere Mitarbeiter k\u00f6nnen durch Ihre vielf\u00e4ltigen T\u00e4tigkeiten auf einen gro\u00dfen Erfahrungsschatz und umfangreiches Wissen zur\u00fcckgreifen.<\/p>\n<p>Durch Fortbildung und Schulung der Mitarbeiter bleiben wir zukunftssicher und bereiten uns auf Ver\u00e4nderungen vor.<\/p>\n<p>&nbsp;<\/p>\n<h3>Zuverl\u00e4ssiger Service<\/h3>\n<p>Wir bieten vielf\u00e4ltige Leistungen an, die auf Ihre Bed\u00fcrfnisse abgestimmt sind. Wir arbeiten zuverl\u00e4ssig und versprechen Ihnen nichts, was wir nicht halten k\u00f6nnen.<\/p>\n","protected":false},"excerpt":{"rendered":"<p>Professionelle Beratung Seit dem Jahr 2000 bieten wir Firmen- und Privatkunden L\u00f6sungen an, die auf Ihre Bed\u00fcrfnisse abgestimmt sind, entwickeln sie weiter und passen sie zukunftssicher an &nbsp; Ma\u00dfgeschneiderte L\u00f6sungen Wir bieten die IT-Infrastruktur, die zu Ihrem Unternehmen passt und<\/p>\n","protected":false},"author":1,"featured_media":51,"parent":0,"menu_order":0,"comment_status":"closed","ping_status":"closed","template":"","meta":{"footnotes":""},"yoast_head":"<!-- This site is optimized with the Yoast SEO plugin v21.9.1 - https:\/\/yoast.com\/wordpress\/plugins\/seo\/ -->\n<title>Kompetenz - CTST - Ihr Partner in Sachen Computer &amp; Telekommunikation<\/title>\n<meta name=\"robots\" content=\"index, follow, max-snippet:-1, max-image-preview:large, max-video-preview:-1\" \/>\n<link rel=\"canonical\" href=\"https:\/\/www.ctst.de\/ctst\/kompetenz\/\" \/>\n<meta property=\"og:locale\" content=\"de_DE\" \/>\n<meta property=\"og:type\" content=\"article\" \/>\n<meta property=\"og:title\" content=\"Kompetenz - CTST - Ihr Partner in Sachen Computer &amp; Telekommunikation\" \/>\n<meta property=\"og:description\" content=\"Professionelle Beratung Seit dem Jahr 2000 bieten wir Firmen- und Privatkunden L\u00f6sungen an, die auf Ihre Bed\u00fcrfnisse abgestimmt sind, entwickeln sie weiter und passen sie zukunftssicher an &nbsp; Ma\u00dfgeschneiderte L\u00f6sungen Wir bieten die IT-Infrastruktur, die zu Ihrem Unternehmen passt und\" \/>\n<meta property=\"og:url\" content=\"https:\/\/www.ctst.de\/ctst\/kompetenz\/\" \/>\n<meta property=\"og:site_name\" content=\"CTST - Ihr Partner in Sachen Computer &amp; Telekommunikation\" \/>\n<meta property=\"article:modified_time\" content=\"2018-05-16T13:11:36+00:00\" \/>\n<meta property=\"og:image\" content=\"https:\/\/www.ctst.de\/ctst\/wp-content\/uploads\/2017\/02\/time-1606153_1280-e1487935662831.png\" \/>\n\t<meta property=\"og:image:width\" content=\"150\" \/>\n\t<meta property=\"og:image:height\" content=\"150\" \/>\n\t<meta property=\"og:image:type\" content=\"image\/png\" \/>\n<meta name=\"twitter:card\" content=\"summary_large_image\" \/>\n<meta name=\"twitter:label1\" content=\"Gesch\u00e4tzte Lesezeit\" \/>\n\t<meta name=\"twitter:data1\" content=\"1\u00a0Minute\" \/>\n<script type=\"application\/ld+json\" class=\"yoast-schema-graph\">{\"@context\":\"https:\/\/schema.org\",\"@graph\":[{\"@type\":\"WebPage\",\"@id\":\"https:\/\/www.ctst.de\/ctst\/kompetenz\/\",\"url\":\"https:\/\/www.ctst.de\/ctst\/kompetenz\/\",\"name\":\"Kompetenz - CTST - Ihr Partner in Sachen Computer &amp; Telekommunikation\",\"isPartOf\":{\"@id\":\"https:\/\/www.ctst.de\/ctst\/#website\"},\"datePublished\":\"2017-02-14T12:44:13+00:00\",\"dateModified\":\"2018-05-16T13:11:36+00:00\",\"breadcrumb\":{\"@id\":\"https:\/\/www.ctst.de\/ctst\/kompetenz\/#breadcrumb\"},\"inLanguage\":\"de\",\"potentialAction\":[{\"@type\":\"ReadAction\",\"target\":[\"https:\/\/www.ctst.de\/ctst\/kompetenz\/\"]}]},{\"@type\":\"BreadcrumbList\",\"@id\":\"https:\/\/www.ctst.de\/ctst\/kompetenz\/#breadcrumb\",\"itemListElement\":[{\"@type\":\"ListItem\",\"position\":1,\"name\":\"Startseite\",\"item\":\"https:\/\/www.ctst.de\/ctst\/\"},{\"@type\":\"ListItem\",\"position\":2,\"name\":\"Kompetenz\"}]},{\"@type\":\"WebSite\",\"@id\":\"https:\/\/www.ctst.de\/ctst\/#website\",\"url\":\"https:\/\/www.ctst.de\/ctst\/\",\"name\":\"CTST - Ihr Partner in Sachen Computer &amp; Telekommunikation\",\"description\":\"\",\"publisher\":{\"@id\":\"https:\/\/www.ctst.de\/ctst\/#organization\"},\"potentialAction\":[{\"@type\":\"SearchAction\",\"target\":{\"@type\":\"EntryPoint\",\"urlTemplate\":\"https:\/\/www.ctst.de\/ctst\/?s={search_term_string}\"},\"query-input\":\"required name=search_term_string\"}],\"inLanguage\":\"de\"},{\"@type\":\"Organization\",\"@id\":\"https:\/\/www.ctst.de\/ctst\/#organization\",\"name\":\"CTST Inh. Daniel Wehner\",\"url\":\"https:\/\/www.ctst.de\/ctst\/\",\"logo\":{\"@type\":\"ImageObject\",\"inLanguage\":\"de\",\"@id\":\"https:\/\/www.ctst.de\/ctst\/#\/schema\/logo\/image\/\",\"url\":\"https:\/\/www.ctst.de\/ctst\/wp-content\/uploads\/2017\/02\/CTSTlogo_text.jpg\",\"contentUrl\":\"https:\/\/www.ctst.de\/ctst\/wp-content\/uploads\/2017\/02\/CTSTlogo_text.jpg\",\"width\":226,\"height\":236,\"caption\":\"CTST Inh. Daniel Wehner\"},\"image\":{\"@id\":\"https:\/\/www.ctst.de\/ctst\/#\/schema\/logo\/image\/\"}}]}<\/script>\n<!-- \/ Yoast SEO plugin. -->","yoast_head_json":{"title":"Kompetenz - CTST - Ihr Partner in Sachen Computer &amp; Telekommunikation","robots":{"index":"index","follow":"follow","max-snippet":"max-snippet:-1","max-image-preview":"max-image-preview:large","max-video-preview":"max-video-preview:-1"},"canonical":"https:\/\/www.ctst.de\/ctst\/kompetenz\/","og_locale":"de_DE","og_type":"article","og_title":"Kompetenz - CTST - Ihr Partner in Sachen Computer &amp; Telekommunikation","og_description":"Professionelle Beratung Seit dem Jahr 2000 bieten wir Firmen- und Privatkunden L\u00f6sungen an, die auf Ihre Bed\u00fcrfnisse abgestimmt sind, entwickeln sie weiter und passen sie zukunftssicher an &nbsp; Ma\u00dfgeschneiderte L\u00f6sungen Wir bieten die IT-Infrastruktur, die zu Ihrem Unternehmen passt und","og_url":"https:\/\/www.ctst.de\/ctst\/kompetenz\/","og_site_name":"CTST - Ihr Partner in Sachen Computer &amp; Telekommunikation","article_modified_time":"2018-05-16T13:11:36+00:00","og_image":[{"width":150,"height":150,"url":"https:\/\/www.ctst.de\/ctst\/wp-content\/uploads\/2017\/02\/time-1606153_1280-e1487935662831.png","type":"image\/png"}],"twitter_card":"summary_large_image","twitter_misc":{"Gesch\u00e4tzte Lesezeit":"1\u00a0Minute"},"schema":{"@context":"https:\/\/schema.org","@graph":[{"@type":"WebPage","@id":"https:\/\/www.ctst.de\/ctst\/kompetenz\/","url":"https:\/\/www.ctst.de\/ctst\/kompetenz\/","name":"Kompetenz - CTST - Ihr Partner in Sachen Computer &amp; Telekommunikation","isPartOf":{"@id":"https:\/\/www.ctst.de\/ctst\/#website"},"datePublished":"2017-02-14T12:44:13+00:00","dateModified":"2018-05-16T13:11:36+00:00","breadcrumb":{"@id":"https:\/\/www.ctst.de\/ctst\/kompetenz\/#breadcrumb"},"inLanguage":"de","potentialAction":[{"@type":"ReadAction","target":["https:\/\/www.ctst.de\/ctst\/kompetenz\/"]}]},{"@type":"BreadcrumbList","@id":"https:\/\/www.ctst.de\/ctst\/kompetenz\/#breadcrumb","itemListElement":[{"@type":"ListItem","position":1,"name":"Startseite","item":"https:\/\/www.ctst.de\/ctst\/"},{"@type":"ListItem","position":2,"name":"Kompetenz"}]},{"@type":"WebSite","@id":"https:\/\/www.ctst.de\/ctst\/#website","url":"https:\/\/www.ctst.de\/ctst\/","name":"CTST - Ihr Partner in Sachen Computer &amp; Telekommunikation","description":"","publisher":{"@id":"https:\/\/www.ctst.de\/ctst\/#organization"},"potentialAction":[{"@type":"SearchAction","target":{"@type":"EntryPoint","urlTemplate":"https:\/\/www.ctst.de\/ctst\/?s={search_term_string}"},"query-input":"required name=search_term_string"}],"inLanguage":"de"},{"@type":"Organization","@id":"https:\/\/www.ctst.de\/ctst\/#organization","name":"CTST Inh. Daniel Wehner","url":"https:\/\/www.ctst.de\/ctst\/","logo":{"@type":"ImageObject","inLanguage":"de","@id":"https:\/\/www.ctst.de\/ctst\/#\/schema\/logo\/image\/","url":"https:\/\/www.ctst.de\/ctst\/wp-content\/uploads\/2017\/02\/CTSTlogo_text.jpg","contentUrl":"https:\/\/www.ctst.de\/ctst\/wp-content\/uploads\/2017\/02\/CTSTlogo_text.jpg","width":226,"height":236,"caption":"CTST Inh. Daniel Wehner"},"image":{"@id":"https:\/\/www.ctst.de\/ctst\/#\/schema\/logo\/image\/"}}]}},"_links":{"self":[{"href":"https:\/\/www.ctst.de\/ctst\/wp-json\/wp\/v2\/pages\/21"}],"collection":[{"href":"https:\/\/www.ctst.de\/ctst\/wp-json\/wp\/v2\/pages"}],"about":[{"href":"https:\/\/www.ctst.de\/ctst\/wp-json\/wp\/v2\/types\/page"}],"author":[{"embeddable":true,"href":"https:\/\/www.ctst.de\/ctst\/wp-json\/wp\/v2\/users\/1"}],"replies":[{"embeddable":true,"href":"https:\/\/www.ctst.de\/ctst\/wp-json\/wp\/v2\/comments?post=21"}],"version-history":[{"count":0,"href":"https:\/\/www.ctst.de\/ctst\/wp-json\/wp\/v2\/pages\/21\/revisions"}],"wp:featuredmedia":[{"embeddable":true,"href":"https:\/\/www.ctst.de\/ctst\/wp-json\/wp\/v2\/media\/51"}],"wp:attachment":[{"href":"https:\/\/www.ctst.de\/ctst\/wp-json\/wp\/v2\/media?parent=21"}],"curies":[{"name":"wp","href":"https:\/\/api.w.org\/{rel}","templated":true}]}}