{"id":46,"date":"2017-02-24T11:51:27","date_gmt":"2017-02-24T10:51:27","guid":{"rendered":"http:\/\/ctst.de\/neu\/?page_id=46"},"modified":"2018-05-17T18:01:17","modified_gmt":"2018-05-17T16:01:17","slug":"sicherheit","status":"publish","type":"page","link":"https:\/\/www.ctst.de\/ctst\/sicherheit\/","title":{"rendered":"Sicherheit"},"content":{"rendered":"<p>EDV Systeme spielen in vielen Bereichen eines Unternehmens eine zentrale Rolle. Aus diesem Grund wird der Schutz dieser Systeme immer wichtiger. F\u00fcr uns bedeutet IT-Sicherheit Datenschutz und Schutz Ihrer IT-Systeme.<\/p>\n<p>Wir stellen IT-Sicherheit auf 3 S\u00e4ulen:<\/p>\n<ul>\n<li>Schutz vertraulicher Daten<\/li>\n<li>die Integrit\u00e4t Ihrer Informationen und IT-Systeme<\/li>\n<li>die Verf\u00fcgbarkeit Ihrer Informationen und IT-Systeme<\/li>\n<\/ul>\n<p>Auch im Privaten wird das Thema IT-Sicherheit immer wichtiger. Wer m\u00f6chte schon, dass Fremde Zugriff auf private Daten haben oder Daten verschl\u00fcsseln? Bei der Menge an Daten, die jeder digital besitzt, r\u00fcckt das Thema Datensicherheit und Datenverf\u00fcgbarkeit immer weiter in den Vordergrund.<\/p>\n<p>Nutzen Sie unsere langj\u00e4hrige Erfahrung in der IT-Sicherheit, bevor es zu sp\u00e4t ist.<\/p>\n","protected":false},"excerpt":{"rendered":"<p>EDV Systeme spielen in vielen Bereichen eines Unternehmens eine zentrale Rolle. Aus diesem Grund wird der Schutz dieser Systeme immer wichtiger. F\u00fcr uns bedeutet IT-Sicherheit Datenschutz und Schutz Ihrer IT-Systeme. Wir stellen IT-Sicherheit auf 3 S\u00e4ulen: Schutz vertraulicher Daten die<\/p>\n","protected":false},"author":1,"featured_media":47,"parent":0,"menu_order":0,"comment_status":"closed","ping_status":"closed","template":"","meta":{"footnotes":""},"yoast_head":"<!-- This site is optimized with the Yoast SEO plugin v21.9.1 - https:\/\/yoast.com\/wordpress\/plugins\/seo\/ -->\n<title>Sicherheit - CTST - Ihr Partner in Sachen Computer &amp; Telekommunikation<\/title>\n<meta name=\"robots\" content=\"index, follow, max-snippet:-1, max-image-preview:large, max-video-preview:-1\" \/>\n<link rel=\"canonical\" href=\"https:\/\/www.ctst.de\/ctst\/sicherheit\/\" \/>\n<meta property=\"og:locale\" content=\"de_DE\" \/>\n<meta property=\"og:type\" content=\"article\" \/>\n<meta property=\"og:title\" content=\"Sicherheit - CTST - Ihr Partner in Sachen Computer &amp; Telekommunikation\" \/>\n<meta property=\"og:description\" content=\"EDV Systeme spielen in vielen Bereichen eines Unternehmens eine zentrale Rolle. Aus diesem Grund wird der Schutz dieser Systeme immer wichtiger. F\u00fcr uns bedeutet IT-Sicherheit Datenschutz und Schutz Ihrer IT-Systeme. Wir stellen IT-Sicherheit auf 3 S\u00e4ulen: Schutz vertraulicher Daten die\" \/>\n<meta property=\"og:url\" content=\"https:\/\/www.ctst.de\/ctst\/sicherheit\/\" \/>\n<meta property=\"og:site_name\" content=\"CTST - Ihr Partner in Sachen Computer &amp; Telekommunikation\" \/>\n<meta property=\"article:modified_time\" content=\"2018-05-17T16:01:17+00:00\" \/>\n<meta property=\"og:image\" content=\"https:\/\/www.ctst.de\/ctst\/wp-content\/uploads\/2017\/02\/cyber-security-1915628_1280-e1487935682640.png\" \/>\n\t<meta property=\"og:image:width\" content=\"150\" \/>\n\t<meta property=\"og:image:height\" content=\"150\" \/>\n\t<meta property=\"og:image:type\" content=\"image\/png\" \/>\n<meta name=\"twitter:card\" content=\"summary_large_image\" \/>\n<meta name=\"twitter:label1\" content=\"Gesch\u00e4tzte Lesezeit\" \/>\n\t<meta name=\"twitter:data1\" content=\"1\u00a0Minute\" \/>\n<script type=\"application\/ld+json\" class=\"yoast-schema-graph\">{\"@context\":\"https:\/\/schema.org\",\"@graph\":[{\"@type\":\"WebPage\",\"@id\":\"https:\/\/www.ctst.de\/ctst\/sicherheit\/\",\"url\":\"https:\/\/www.ctst.de\/ctst\/sicherheit\/\",\"name\":\"Sicherheit - CTST - Ihr Partner in Sachen Computer &amp; Telekommunikation\",\"isPartOf\":{\"@id\":\"https:\/\/www.ctst.de\/ctst\/#website\"},\"datePublished\":\"2017-02-24T10:51:27+00:00\",\"dateModified\":\"2018-05-17T16:01:17+00:00\",\"breadcrumb\":{\"@id\":\"https:\/\/www.ctst.de\/ctst\/sicherheit\/#breadcrumb\"},\"inLanguage\":\"de\",\"potentialAction\":[{\"@type\":\"ReadAction\",\"target\":[\"https:\/\/www.ctst.de\/ctst\/sicherheit\/\"]}]},{\"@type\":\"BreadcrumbList\",\"@id\":\"https:\/\/www.ctst.de\/ctst\/sicherheit\/#breadcrumb\",\"itemListElement\":[{\"@type\":\"ListItem\",\"position\":1,\"name\":\"Startseite\",\"item\":\"https:\/\/www.ctst.de\/ctst\/\"},{\"@type\":\"ListItem\",\"position\":2,\"name\":\"Sicherheit\"}]},{\"@type\":\"WebSite\",\"@id\":\"https:\/\/www.ctst.de\/ctst\/#website\",\"url\":\"https:\/\/www.ctst.de\/ctst\/\",\"name\":\"CTST - Ihr Partner in Sachen Computer &amp; Telekommunikation\",\"description\":\"\",\"publisher\":{\"@id\":\"https:\/\/www.ctst.de\/ctst\/#organization\"},\"potentialAction\":[{\"@type\":\"SearchAction\",\"target\":{\"@type\":\"EntryPoint\",\"urlTemplate\":\"https:\/\/www.ctst.de\/ctst\/?s={search_term_string}\"},\"query-input\":\"required name=search_term_string\"}],\"inLanguage\":\"de\"},{\"@type\":\"Organization\",\"@id\":\"https:\/\/www.ctst.de\/ctst\/#organization\",\"name\":\"CTST Inh. Daniel Wehner\",\"url\":\"https:\/\/www.ctst.de\/ctst\/\",\"logo\":{\"@type\":\"ImageObject\",\"inLanguage\":\"de\",\"@id\":\"https:\/\/www.ctst.de\/ctst\/#\/schema\/logo\/image\/\",\"url\":\"https:\/\/www.ctst.de\/ctst\/wp-content\/uploads\/2017\/02\/CTSTlogo_text.jpg\",\"contentUrl\":\"https:\/\/www.ctst.de\/ctst\/wp-content\/uploads\/2017\/02\/CTSTlogo_text.jpg\",\"width\":226,\"height\":236,\"caption\":\"CTST Inh. Daniel Wehner\"},\"image\":{\"@id\":\"https:\/\/www.ctst.de\/ctst\/#\/schema\/logo\/image\/\"}}]}<\/script>\n<!-- \/ Yoast SEO plugin. -->","yoast_head_json":{"title":"Sicherheit - CTST - Ihr Partner in Sachen Computer &amp; Telekommunikation","robots":{"index":"index","follow":"follow","max-snippet":"max-snippet:-1","max-image-preview":"max-image-preview:large","max-video-preview":"max-video-preview:-1"},"canonical":"https:\/\/www.ctst.de\/ctst\/sicherheit\/","og_locale":"de_DE","og_type":"article","og_title":"Sicherheit - CTST - Ihr Partner in Sachen Computer &amp; Telekommunikation","og_description":"EDV Systeme spielen in vielen Bereichen eines Unternehmens eine zentrale Rolle. Aus diesem Grund wird der Schutz dieser Systeme immer wichtiger. F\u00fcr uns bedeutet IT-Sicherheit Datenschutz und Schutz Ihrer IT-Systeme. Wir stellen IT-Sicherheit auf 3 S\u00e4ulen: Schutz vertraulicher Daten die","og_url":"https:\/\/www.ctst.de\/ctst\/sicherheit\/","og_site_name":"CTST - Ihr Partner in Sachen Computer &amp; Telekommunikation","article_modified_time":"2018-05-17T16:01:17+00:00","og_image":[{"width":150,"height":150,"url":"https:\/\/www.ctst.de\/ctst\/wp-content\/uploads\/2017\/02\/cyber-security-1915628_1280-e1487935682640.png","type":"image\/png"}],"twitter_card":"summary_large_image","twitter_misc":{"Gesch\u00e4tzte Lesezeit":"1\u00a0Minute"},"schema":{"@context":"https:\/\/schema.org","@graph":[{"@type":"WebPage","@id":"https:\/\/www.ctst.de\/ctst\/sicherheit\/","url":"https:\/\/www.ctst.de\/ctst\/sicherheit\/","name":"Sicherheit - CTST - Ihr Partner in Sachen Computer &amp; Telekommunikation","isPartOf":{"@id":"https:\/\/www.ctst.de\/ctst\/#website"},"datePublished":"2017-02-24T10:51:27+00:00","dateModified":"2018-05-17T16:01:17+00:00","breadcrumb":{"@id":"https:\/\/www.ctst.de\/ctst\/sicherheit\/#breadcrumb"},"inLanguage":"de","potentialAction":[{"@type":"ReadAction","target":["https:\/\/www.ctst.de\/ctst\/sicherheit\/"]}]},{"@type":"BreadcrumbList","@id":"https:\/\/www.ctst.de\/ctst\/sicherheit\/#breadcrumb","itemListElement":[{"@type":"ListItem","position":1,"name":"Startseite","item":"https:\/\/www.ctst.de\/ctst\/"},{"@type":"ListItem","position":2,"name":"Sicherheit"}]},{"@type":"WebSite","@id":"https:\/\/www.ctst.de\/ctst\/#website","url":"https:\/\/www.ctst.de\/ctst\/","name":"CTST - Ihr Partner in Sachen Computer &amp; Telekommunikation","description":"","publisher":{"@id":"https:\/\/www.ctst.de\/ctst\/#organization"},"potentialAction":[{"@type":"SearchAction","target":{"@type":"EntryPoint","urlTemplate":"https:\/\/www.ctst.de\/ctst\/?s={search_term_string}"},"query-input":"required name=search_term_string"}],"inLanguage":"de"},{"@type":"Organization","@id":"https:\/\/www.ctst.de\/ctst\/#organization","name":"CTST Inh. Daniel Wehner","url":"https:\/\/www.ctst.de\/ctst\/","logo":{"@type":"ImageObject","inLanguage":"de","@id":"https:\/\/www.ctst.de\/ctst\/#\/schema\/logo\/image\/","url":"https:\/\/www.ctst.de\/ctst\/wp-content\/uploads\/2017\/02\/CTSTlogo_text.jpg","contentUrl":"https:\/\/www.ctst.de\/ctst\/wp-content\/uploads\/2017\/02\/CTSTlogo_text.jpg","width":226,"height":236,"caption":"CTST Inh. Daniel Wehner"},"image":{"@id":"https:\/\/www.ctst.de\/ctst\/#\/schema\/logo\/image\/"}}]}},"_links":{"self":[{"href":"https:\/\/www.ctst.de\/ctst\/wp-json\/wp\/v2\/pages\/46"}],"collection":[{"href":"https:\/\/www.ctst.de\/ctst\/wp-json\/wp\/v2\/pages"}],"about":[{"href":"https:\/\/www.ctst.de\/ctst\/wp-json\/wp\/v2\/types\/page"}],"author":[{"embeddable":true,"href":"https:\/\/www.ctst.de\/ctst\/wp-json\/wp\/v2\/users\/1"}],"replies":[{"embeddable":true,"href":"https:\/\/www.ctst.de\/ctst\/wp-json\/wp\/v2\/comments?post=46"}],"version-history":[{"count":0,"href":"https:\/\/www.ctst.de\/ctst\/wp-json\/wp\/v2\/pages\/46\/revisions"}],"wp:featuredmedia":[{"embeddable":true,"href":"https:\/\/www.ctst.de\/ctst\/wp-json\/wp\/v2\/media\/47"}],"wp:attachment":[{"href":"https:\/\/www.ctst.de\/ctst\/wp-json\/wp\/v2\/media?parent=46"}],"curies":[{"name":"wp","href":"https:\/\/api.w.org\/{rel}","templated":true}]}}