{"id":68,"date":"2017-02-25T11:45:18","date_gmt":"2017-02-25T10:45:18","guid":{"rendered":"http:\/\/ctst.de\/neu\/?page_id=68"},"modified":"2018-05-31T09:46:39","modified_gmt":"2018-05-31T07:46:39","slug":"ueber-uns","status":"publish","type":"page","link":"https:\/\/www.ctst.de\/ctst\/ueber-uns\/","title":{"rendered":"\u00dcber Uns"},"content":{"rendered":"<p>Unsere Firma Computer Telekommunikation und Service Torgau Inh. Daniel Wehner, kurz CTST, wurde im Jahr 2000 gegr\u00fcndet und steht seitdem f\u00fcr umfassende IT- und TK-Betreuung. Zu unseren Kunden z\u00e4hlen Privatpersonen, Einzelunternehmen, \u00c4rzte, Rechtsanw\u00e4lte, mittelst\u00e4ndische Unternehmen, Gro\u00dffirmen bis hin zur \u00d6ffentlichen Hand.<\/p>\n<p>Unser Team (Stand 2018) besteht aus einem Gesch\u00e4ftsf\u00fchrer, drei Mitarbeitern und einer Sekret\u00e4rin.<\/p>\n<p>Wir bilden seit vielen Jahren Lehrlinge aus und geben auch Sch\u00fclerpraktikanten die Chance, ihre beruflichen M\u00f6glichkeiten zu erforschen.<\/p>\n","protected":false},"excerpt":{"rendered":"<p>Unsere Firma Computer Telekommunikation und Service Torgau Inh. Daniel Wehner, kurz CTST, wurde im Jahr 2000 gegr\u00fcndet und steht seitdem f\u00fcr umfassende IT- und TK-Betreuung. Zu unseren Kunden z\u00e4hlen Privatpersonen, Einzelunternehmen, \u00c4rzte, Rechtsanw\u00e4lte, mittelst\u00e4ndische Unternehmen, Gro\u00dffirmen bis hin zur \u00d6ffentlichen<\/p>\n","protected":false},"author":1,"featured_media":71,"parent":0,"menu_order":0,"comment_status":"closed","ping_status":"closed","template":"","meta":{"footnotes":""},"yoast_head":"<!-- This site is optimized with the Yoast SEO plugin v21.9.1 - https:\/\/yoast.com\/wordpress\/plugins\/seo\/ -->\n<title>\u00dcber Uns - CTST - Ihr Partner in Sachen Computer &amp; Telekommunikation<\/title>\n<meta name=\"robots\" content=\"index, follow, max-snippet:-1, max-image-preview:large, max-video-preview:-1\" \/>\n<link rel=\"canonical\" href=\"https:\/\/www.ctst.de\/ctst\/ueber-uns\/\" \/>\n<meta property=\"og:locale\" content=\"de_DE\" \/>\n<meta property=\"og:type\" content=\"article\" \/>\n<meta property=\"og:title\" content=\"\u00dcber Uns - CTST - Ihr Partner in Sachen Computer &amp; Telekommunikation\" \/>\n<meta property=\"og:description\" content=\"Unsere Firma Computer Telekommunikation und Service Torgau Inh. Daniel Wehner, kurz CTST, wurde im Jahr 2000 gegr\u00fcndet und steht seitdem f\u00fcr umfassende IT- und TK-Betreuung. Zu unseren Kunden z\u00e4hlen Privatpersonen, Einzelunternehmen, \u00c4rzte, Rechtsanw\u00e4lte, mittelst\u00e4ndische Unternehmen, Gro\u00dffirmen bis hin zur \u00d6ffentlichen\" \/>\n<meta property=\"og:url\" content=\"https:\/\/www.ctst.de\/ctst\/ueber-uns\/\" \/>\n<meta property=\"og:site_name\" content=\"CTST - Ihr Partner in Sachen Computer &amp; Telekommunikation\" \/>\n<meta property=\"article:modified_time\" content=\"2018-05-31T07:46:39+00:00\" \/>\n<meta property=\"og:image\" content=\"https:\/\/www.ctst.de\/ctst\/wp-content\/uploads\/2017\/02\/CTSTLogo_textlos.jpeg\" \/>\n\t<meta property=\"og:image:width\" content=\"709\" \/>\n\t<meta property=\"og:image:height\" content=\"709\" \/>\n\t<meta property=\"og:image:type\" content=\"image\/jpeg\" \/>\n<meta name=\"twitter:card\" content=\"summary_large_image\" \/>\n<script type=\"application\/ld+json\" class=\"yoast-schema-graph\">{\"@context\":\"https:\/\/schema.org\",\"@graph\":[{\"@type\":\"WebPage\",\"@id\":\"https:\/\/www.ctst.de\/ctst\/ueber-uns\/\",\"url\":\"https:\/\/www.ctst.de\/ctst\/ueber-uns\/\",\"name\":\"\u00dcber Uns - CTST - Ihr Partner in Sachen Computer &amp; Telekommunikation\",\"isPartOf\":{\"@id\":\"https:\/\/www.ctst.de\/ctst\/#website\"},\"datePublished\":\"2017-02-25T10:45:18+00:00\",\"dateModified\":\"2018-05-31T07:46:39+00:00\",\"breadcrumb\":{\"@id\":\"https:\/\/www.ctst.de\/ctst\/ueber-uns\/#breadcrumb\"},\"inLanguage\":\"de\",\"potentialAction\":[{\"@type\":\"ReadAction\",\"target\":[\"https:\/\/www.ctst.de\/ctst\/ueber-uns\/\"]}]},{\"@type\":\"BreadcrumbList\",\"@id\":\"https:\/\/www.ctst.de\/ctst\/ueber-uns\/#breadcrumb\",\"itemListElement\":[{\"@type\":\"ListItem\",\"position\":1,\"name\":\"Startseite\",\"item\":\"https:\/\/www.ctst.de\/ctst\/\"},{\"@type\":\"ListItem\",\"position\":2,\"name\":\"\u00dcber Uns\"}]},{\"@type\":\"WebSite\",\"@id\":\"https:\/\/www.ctst.de\/ctst\/#website\",\"url\":\"https:\/\/www.ctst.de\/ctst\/\",\"name\":\"CTST - Ihr Partner in Sachen Computer &amp; Telekommunikation\",\"description\":\"\",\"publisher\":{\"@id\":\"https:\/\/www.ctst.de\/ctst\/#organization\"},\"potentialAction\":[{\"@type\":\"SearchAction\",\"target\":{\"@type\":\"EntryPoint\",\"urlTemplate\":\"https:\/\/www.ctst.de\/ctst\/?s={search_term_string}\"},\"query-input\":\"required name=search_term_string\"}],\"inLanguage\":\"de\"},{\"@type\":\"Organization\",\"@id\":\"https:\/\/www.ctst.de\/ctst\/#organization\",\"name\":\"CTST Inh. Daniel Wehner\",\"url\":\"https:\/\/www.ctst.de\/ctst\/\",\"logo\":{\"@type\":\"ImageObject\",\"inLanguage\":\"de\",\"@id\":\"https:\/\/www.ctst.de\/ctst\/#\/schema\/logo\/image\/\",\"url\":\"https:\/\/www.ctst.de\/ctst\/wp-content\/uploads\/2017\/02\/CTSTlogo_text.jpg\",\"contentUrl\":\"https:\/\/www.ctst.de\/ctst\/wp-content\/uploads\/2017\/02\/CTSTlogo_text.jpg\",\"width\":226,\"height\":236,\"caption\":\"CTST Inh. Daniel Wehner\"},\"image\":{\"@id\":\"https:\/\/www.ctst.de\/ctst\/#\/schema\/logo\/image\/\"}}]}<\/script>\n<!-- \/ Yoast SEO plugin. -->","yoast_head_json":{"title":"\u00dcber Uns - CTST - Ihr Partner in Sachen Computer &amp; Telekommunikation","robots":{"index":"index","follow":"follow","max-snippet":"max-snippet:-1","max-image-preview":"max-image-preview:large","max-video-preview":"max-video-preview:-1"},"canonical":"https:\/\/www.ctst.de\/ctst\/ueber-uns\/","og_locale":"de_DE","og_type":"article","og_title":"\u00dcber Uns - CTST - Ihr Partner in Sachen Computer &amp; Telekommunikation","og_description":"Unsere Firma Computer Telekommunikation und Service Torgau Inh. Daniel Wehner, kurz CTST, wurde im Jahr 2000 gegr\u00fcndet und steht seitdem f\u00fcr umfassende IT- und TK-Betreuung. Zu unseren Kunden z\u00e4hlen Privatpersonen, Einzelunternehmen, \u00c4rzte, Rechtsanw\u00e4lte, mittelst\u00e4ndische Unternehmen, Gro\u00dffirmen bis hin zur \u00d6ffentlichen","og_url":"https:\/\/www.ctst.de\/ctst\/ueber-uns\/","og_site_name":"CTST - Ihr Partner in Sachen Computer &amp; Telekommunikation","article_modified_time":"2018-05-31T07:46:39+00:00","og_image":[{"width":709,"height":709,"url":"https:\/\/www.ctst.de\/ctst\/wp-content\/uploads\/2017\/02\/CTSTLogo_textlos.jpeg","type":"image\/jpeg"}],"twitter_card":"summary_large_image","schema":{"@context":"https:\/\/schema.org","@graph":[{"@type":"WebPage","@id":"https:\/\/www.ctst.de\/ctst\/ueber-uns\/","url":"https:\/\/www.ctst.de\/ctst\/ueber-uns\/","name":"\u00dcber Uns - CTST - Ihr Partner in Sachen Computer &amp; Telekommunikation","isPartOf":{"@id":"https:\/\/www.ctst.de\/ctst\/#website"},"datePublished":"2017-02-25T10:45:18+00:00","dateModified":"2018-05-31T07:46:39+00:00","breadcrumb":{"@id":"https:\/\/www.ctst.de\/ctst\/ueber-uns\/#breadcrumb"},"inLanguage":"de","potentialAction":[{"@type":"ReadAction","target":["https:\/\/www.ctst.de\/ctst\/ueber-uns\/"]}]},{"@type":"BreadcrumbList","@id":"https:\/\/www.ctst.de\/ctst\/ueber-uns\/#breadcrumb","itemListElement":[{"@type":"ListItem","position":1,"name":"Startseite","item":"https:\/\/www.ctst.de\/ctst\/"},{"@type":"ListItem","position":2,"name":"\u00dcber Uns"}]},{"@type":"WebSite","@id":"https:\/\/www.ctst.de\/ctst\/#website","url":"https:\/\/www.ctst.de\/ctst\/","name":"CTST - Ihr Partner in Sachen Computer &amp; Telekommunikation","description":"","publisher":{"@id":"https:\/\/www.ctst.de\/ctst\/#organization"},"potentialAction":[{"@type":"SearchAction","target":{"@type":"EntryPoint","urlTemplate":"https:\/\/www.ctst.de\/ctst\/?s={search_term_string}"},"query-input":"required name=search_term_string"}],"inLanguage":"de"},{"@type":"Organization","@id":"https:\/\/www.ctst.de\/ctst\/#organization","name":"CTST Inh. Daniel Wehner","url":"https:\/\/www.ctst.de\/ctst\/","logo":{"@type":"ImageObject","inLanguage":"de","@id":"https:\/\/www.ctst.de\/ctst\/#\/schema\/logo\/image\/","url":"https:\/\/www.ctst.de\/ctst\/wp-content\/uploads\/2017\/02\/CTSTlogo_text.jpg","contentUrl":"https:\/\/www.ctst.de\/ctst\/wp-content\/uploads\/2017\/02\/CTSTlogo_text.jpg","width":226,"height":236,"caption":"CTST Inh. Daniel Wehner"},"image":{"@id":"https:\/\/www.ctst.de\/ctst\/#\/schema\/logo\/image\/"}}]}},"_links":{"self":[{"href":"https:\/\/www.ctst.de\/ctst\/wp-json\/wp\/v2\/pages\/68"}],"collection":[{"href":"https:\/\/www.ctst.de\/ctst\/wp-json\/wp\/v2\/pages"}],"about":[{"href":"https:\/\/www.ctst.de\/ctst\/wp-json\/wp\/v2\/types\/page"}],"author":[{"embeddable":true,"href":"https:\/\/www.ctst.de\/ctst\/wp-json\/wp\/v2\/users\/1"}],"replies":[{"embeddable":true,"href":"https:\/\/www.ctst.de\/ctst\/wp-json\/wp\/v2\/comments?post=68"}],"version-history":[{"count":0,"href":"https:\/\/www.ctst.de\/ctst\/wp-json\/wp\/v2\/pages\/68\/revisions"}],"wp:featuredmedia":[{"embeddable":true,"href":"https:\/\/www.ctst.de\/ctst\/wp-json\/wp\/v2\/media\/71"}],"wp:attachment":[{"href":"https:\/\/www.ctst.de\/ctst\/wp-json\/wp\/v2\/media?parent=68"}],"curies":[{"name":"wp","href":"https:\/\/api.w.org\/{rel}","templated":true}]}}